{"id":1600,"date":"2023-08-21T08:32:35","date_gmt":"2023-08-21T06:32:35","guid":{"rendered":"https:\/\/zongoraiskola.info\/?page_id=1600"},"modified":"2023-10-05T06:22:44","modified_gmt":"2023-10-05T04:22:44","slug":"imprint","status":"publish","type":"page","link":"https:\/\/zongoraiskola.info\/en\/impresszum\/","title":{"rendered":"Imprint"},"content":{"rendered":"<div data-elementor-type=\"wp-page\" data-elementor-id=\"1600\" class=\"elementor elementor-1600\" data-elementor-post-type=\"page\">\n\t\t\t\t<div class=\"elementor-element elementor-element-85676df e-flex e-con-boxed e-con e-parent\" data-id=\"85676df\" data-element_type=\"container\" data-e-type=\"container\">\n\t\t\t\t\t<div class=\"e-con-inner\">\n\t\t\t\t<div class=\"elementor-element elementor-element-00e301c elementor-widget elementor-widget-heading\" data-id=\"00e301c\" data-element_type=\"widget\" data-e-type=\"widget\" data-widget_type=\"heading.default\">\n\t\t\t\t<div class=\"elementor-widget-container\">\n\t\t\t\t\t<h1 class=\"elementor-heading-title elementor-size-default\">Imprint<\/h1>\t\t\t\t<\/div>\n\t\t\t\t<\/div>\n\t\t\t\t\t<\/div>\n\t\t\t\t<\/div>\n\t\t<div class=\"elementor-element elementor-element-08031ea e-flex e-con-boxed e-con e-parent\" data-id=\"08031ea\" data-element_type=\"container\" data-e-type=\"container\">\n\t\t\t\t\t<div class=\"e-con-inner\">\n\t\t\t\t<div class=\"elementor-element elementor-element-805af98 elementor-widget elementor-widget-text-editor\" data-id=\"805af98\" data-element_type=\"widget\" data-e-type=\"widget\" data-widget_type=\"text-editor.default\">\n\t\t\t\t<div class=\"elementor-widget-container\">\n\t\t\t\t\t\t\t\t\t<p class=\"translation-block\"><strong>Juh\u00e1sz Bal\u00e1zs e.v.<\/strong><br>Tax No.: 76642270-1-33<\/p><p>and<\/p><p class=\"translation-block\"><strong>Juh\u00e1sz-Bib\u00f3k Be\u00e1ta e.v.<\/strong><br>Tax No.: 59722142-1-33<\/p>\t\t\t\t\t\t\t\t<\/div>\n\t\t\t\t<\/div>\n\t\t\t\t\t<\/div>\n\t\t\t\t<\/div>\n\t\t\t\t<\/div>","protected":false},"excerpt":{"rendered":"<p>Impresszum Juh\u00e1sz Bal\u00e1zs e.v.Ad\u00f3sz\u00e1m: 76642270-1-33 \u00e9s Juh\u00e1sz-Bib\u00f3k Be\u00e1ta e.v.Ad\u00f3sz\u00e1m: 59722142-1-33<\/p>","protected":false},"author":1,"featured_media":0,"parent":0,"menu_order":0,"comment_status":"closed","ping_status":"closed","template":"elementor_canvas","meta":{"_seopress_robots_primary_cat":"","_seopress_titles_title":"","_seopress_titles_desc":"","_seopress_robots_index":"yes","footnotes":""},"class_list":["post-1600","page","type-page","status-publish","hentry"],"_links":{"self":[{"href":"https:\/\/zongoraiskola.info\/en\/wp-json\/wp\/v2\/pages\/1600","targetHints":{"allow":["GET"]}}],"collection":[{"href":"https:\/\/zongoraiskola.info\/en\/wp-json\/wp\/v2\/pages"}],"about":[{"href":"https:\/\/zongoraiskola.info\/en\/wp-json\/wp\/v2\/types\/page"}],"author":[{"embeddable":true,"href":"https:\/\/zongoraiskola.info\/en\/wp-json\/wp\/v2\/users\/1"}],"replies":[{"embeddable":true,"href":"https:\/\/zongoraiskola.info\/en\/wp-json\/wp\/v2\/comments?post=1600"}],"version-history":[{"count":0,"href":"https:\/\/zongoraiskola.info\/en\/wp-json\/wp\/v2\/pages\/1600\/revisions"}],"wp:attachment":[{"href":"https:\/\/zongoraiskola.info\/en\/wp-json\/wp\/v2\/media?parent=1600"}],"curies":[{"name":"wp","href":"https:\/\/api.w.org\/{rel}","templated":true}]}}