{"id":28,"date":"2023-08-07T21:55:31","date_gmt":"2023-08-07T19:55:31","guid":{"rendered":"https:\/\/zongoraiskola.info\/?page_id=28"},"modified":"2025-11-23T18:29:09","modified_gmt":"2025-11-23T17:29:09","slug":"about-us","status":"publish","type":"page","link":"https:\/\/zongoraiskola.info\/en\/rolunk\/","title":{"rendered":"About us"},"content":{"rendered":"\t\t<div data-elementor-type=\"wp-page\" data-elementor-id=\"28\" class=\"elementor elementor-28\" data-elementor-post-type=\"page\">\n\t\t\t\t<div class=\"elementor-element elementor-element-e169647 e-flex e-con-boxed e-con e-parent\" data-id=\"e169647\" data-element_type=\"container\" data-e-type=\"container\" data-settings=\"{&quot;background_background&quot;:&quot;classic&quot;}\">\n\t\t\t\t\t<div class=\"e-con-inner\">\n\t\t\t\t<div class=\"elementor-element elementor-element-a003dbc elementor-widget elementor-widget-heading\" data-id=\"a003dbc\" data-element_type=\"widget\" data-e-type=\"widget\" data-widget_type=\"heading.default\">\n\t\t\t\t<div class=\"elementor-widget-container\">\n\t\t\t\t\t<h1 class=\"elementor-heading-title elementor-size-default\">Bemutatkozunk<\/h1>\t\t\t\t<\/div>\n\t\t\t\t<\/div>\n\t\t\t\t\t<\/div>\n\t\t\t\t<\/div>\n\t\t<div class=\"elementor-element elementor-element-baf0d37 e-flex e-con-boxed e-con e-parent\" data-id=\"baf0d37\" data-element_type=\"container\" data-e-type=\"container\">\n\t\t\t\t\t<div class=\"e-con-inner\">\n\t\t\t\t<div class=\"elementor-element elementor-element-7049903 elementor-widget elementor-widget-heading\" data-id=\"7049903\" data-element_type=\"widget\" data-e-type=\"widget\" data-widget_type=\"heading.default\">\n\t\t\t\t<div class=\"elementor-widget-container\">\n\t\t\t\t\t<h2 class=\"elementor-heading-title elementor-size-default\">Iskol\u00e1nkr\u00f3l<\/h2>\t\t\t\t<\/div>\n\t\t\t\t<\/div>\n\t\t\t\t<div class=\"elementor-element elementor-element-8dce968 elementor-widget elementor-widget-text-editor\" data-id=\"8dce968\" data-element_type=\"widget\" data-e-type=\"widget\" data-widget_type=\"text-editor.default\">\n\t\t\t\t<div class=\"elementor-widget-container\">\n\t\t\t\t\t\t\t\t\t<p>Iskol\u00e1nk abb\u00f3l a c\u00e9lb\u00f3l nyitotta meg kapuit 2014 \u0151sz\u00e9n, hogy a mag\u00e1noktat\u00e1s ter\u00e9n az el\u00e9rhet\u0151 legmagasabb sz\u00ednvonalat ny\u00fajthassa. Hissz\u00fck, hogy a magyar zeneoktat\u00e1s minden szinten meg\u00e9rdemli azt a j\u00e1t\u00e9k\u00e9lm\u00e9nyt \u00e9s p\u00e1ratlan hangz\u00e1st, amit csak a Steinway &amp; Sons zongoragy\u00e1r term\u00e9kei tudnak ny\u00fajtani. Hisz\u00fcnk a kreat\u00edv \u00f6tletekben, ez\u00e9rt nem ragaszkodunk egyetlen hivatalos tananyaghoz, hanem nyitottan fogadjuk be a nyugat-eur\u00f3pai \u00e9s az amerikai tananyagokat is.<\/p>\t\t\t\t\t\t\t\t<\/div>\n\t\t\t\t<\/div>\n\t\t\t\t\t<\/div>\n\t\t\t\t<\/div>\n\t\t<div class=\"elementor-element elementor-element-ce693ab e-flex e-con-boxed e-con e-parent\" data-id=\"ce693ab\" data-element_type=\"container\" data-e-type=\"container\">\n\t\t\t\t\t<div class=\"e-con-inner\">\n\t\t\t\t<div class=\"elementor-element elementor-element-4c024f8 elementor-widget elementor-widget-heading\" data-id=\"4c024f8\" data-element_type=\"widget\" data-e-type=\"widget\" data-widget_type=\"heading.default\">\n\t\t\t\t<div class=\"elementor-widget-container\">\n\t\t\t\t\t<h2 class=\"elementor-heading-title elementor-size-default\">Az alap\u00edt\u00f3k<\/h2>\t\t\t\t<\/div>\n\t\t\t\t<\/div>\n\t\t\t\t\t<\/div>\n\t\t\t\t<\/div>\n\t\t<div class=\"elementor-element elementor-element-f49dd24 e-flex e-con-boxed e-con e-parent\" data-id=\"f49dd24\" data-element_type=\"container\" data-e-type=\"container\" data-settings=\"{&quot;background_background&quot;:&quot;classic&quot;}\">\n\t\t\t\t\t<div class=\"e-con-inner\">\n\t\t<div class=\"elementor-element elementor-element-89c9a95 e-con-full e-flex e-con e-child\" data-id=\"89c9a95\" data-element_type=\"container\" data-e-type=\"container\">\n\t\t\t\t<div class=\"elementor-element elementor-element-858cb1f elementor-widget elementor-widget-image\" data-id=\"858cb1f\" data-element_type=\"widget\" data-e-type=\"widget\" data-widget_type=\"image.default\">\n\t\t\t\t<div class=\"elementor-widget-container\">\n\t\t\t\t\t\t\t\t\t\t\t\t\t\t\t<img fetchpriority=\"high\" decoding=\"async\" width=\"960\" height=\"960\" src=\"https:\/\/zongoraiskola.info\/wp-content\/uploads\/2025\/11\/Balazs_square_new.jpg\" class=\"attachment-full size-full wp-image-5621\" alt=\"Juh\u00e1sz Bal\u00e1zs zongoratan\u00e1r\" srcset=\"https:\/\/zongoraiskola.info\/wp-content\/uploads\/2025\/11\/Balazs_square_new.jpg 960w, https:\/\/zongoraiskola.info\/wp-content\/uploads\/2025\/11\/Balazs_square_new-700x700.jpg 700w, https:\/\/zongoraiskola.info\/wp-content\/uploads\/2025\/11\/Balazs_square_new-150x150.jpg 150w, https:\/\/zongoraiskola.info\/wp-content\/uploads\/2025\/11\/Balazs_square_new-768x768.jpg 768w, https:\/\/zongoraiskola.info\/wp-content\/uploads\/2025\/11\/Balazs_square_new-12x12.jpg 12w\" sizes=\"(max-width: 960px) 100vw, 960px\" \/>\t\t\t\t\t\t\t\t\t\t\t\t\t\t\t<\/div>\n\t\t\t\t<\/div>\n\t\t\t\t<\/div>\n\t\t<div class=\"elementor-element elementor-element-7b9b12e e-con-full e-flex e-con e-child\" data-id=\"7b9b12e\" data-element_type=\"container\" data-e-type=\"container\" data-settings=\"{&quot;background_background&quot;:&quot;classic&quot;}\">\n\t\t\t\t<div class=\"elementor-element elementor-element-a3cfc4b elementor-widget elementor-widget-heading\" data-id=\"a3cfc4b\" data-element_type=\"widget\" data-e-type=\"widget\" data-widget_type=\"heading.default\">\n\t\t\t\t<div class=\"elementor-widget-container\">\n\t\t\t\t\t<h2 class=\"elementor-heading-title elementor-size-default\">Juh\u00e1sz Bal\u00e1zs<\/h2>\t\t\t\t<\/div>\n\t\t\t\t<\/div>\n\t\t\t\t<div class=\"elementor-element elementor-element-767e54d elementor-widget elementor-widget-heading\" data-id=\"767e54d\" data-element_type=\"widget\" data-e-type=\"widget\" data-widget_type=\"heading.default\">\n\t\t\t\t<div class=\"elementor-widget-container\">\n\t\t\t\t\t<h5 class=\"elementor-heading-title elementor-size-default\"><i>zongoratan\u00e1r<\/i><\/h5>\t\t\t\t<\/div>\n\t\t\t\t<\/div>\n\t\t\t\t<div class=\"elementor-element elementor-element-17fd839 elementor-widget elementor-widget-text-editor\" data-id=\"17fd839\" data-element_type=\"widget\" data-e-type=\"widget\" data-widget_type=\"text-editor.default\">\n\t\t\t\t<div class=\"elementor-widget-container\">\n\t\t\t\t\t\t\t\t\t<p>H\u00e1rom diploma \u00e9s kilenc \u00e9v tan\u00edt\u00e1si tapasztalat ut\u00e1n d\u00f6nt\u00f6ttem \u00fagy, hogy a k\u00f6zoktat\u00e1s helyett a mag\u00e1noktat\u00e1st v\u00e1lasztom, mivel egy v\u00e1llalkoz\u00e1s sokkal nagyobb szabads\u00e1got ny\u00fajt minden t\u00e9ren. Sz\u00e1momra fontos a min\u0151s\u00e9gi hangszer \u00e9s a szem\u00e9lyre szabott tananyagv\u00e1laszt\u00e1s.<\/p>\t\t\t\t\t\t\t\t<\/div>\n\t\t\t\t<\/div>\n\t\t\t\t<div class=\"elementor-element elementor-element-af1bc23 elementor-align-right elementor-mobile-align-center elementor-widget elementor-widget-button\" data-id=\"af1bc23\" data-element_type=\"widget\" data-e-type=\"widget\" data-widget_type=\"button.default\">\n\t\t\t\t<div class=\"elementor-widget-container\">\n\t\t\t\t\t\t\t\t\t<div class=\"elementor-button-wrapper\">\n\t\t\t\t\t<a class=\"elementor-button elementor-button-link elementor-size-lg\" href=\"https:\/\/zongoraiskola.info\/balazs\/\">\n\t\t\t\t\t\t<span class=\"elementor-button-content-wrapper\">\n\t\t\t\t\t\t\t\t\t<span class=\"elementor-button-text\">Ismerj meg<\/span>\n\t\t\t\t\t<\/span>\n\t\t\t\t\t<\/a>\n\t\t\t\t<\/div>\n\t\t\t\t\t\t\t\t<\/div>\n\t\t\t\t<\/div>\n\t\t\t\t<\/div>\n\t\t<div class=\"elementor-element elementor-element-39873f0 e-con-full elementor-hidden-mobile e-flex e-con e-child\" data-id=\"39873f0\" data-element_type=\"container\" data-e-type=\"container\" data-settings=\"{&quot;background_background&quot;:&quot;classic&quot;}\">\n\t\t\t\t<div class=\"elementor-element elementor-element-3721314 elementor-widget elementor-widget-heading\" data-id=\"3721314\" data-element_type=\"widget\" data-e-type=\"widget\" data-widget_type=\"heading.default\">\n\t\t\t\t<div class=\"elementor-widget-container\">\n\t\t\t\t\t<h2 class=\"elementor-heading-title elementor-size-default\">Juh\u00e1sz-Bib\u00f3k Be\u00e1ta<\/h2>\t\t\t\t<\/div>\n\t\t\t\t<\/div>\n\t\t\t\t<div class=\"elementor-element elementor-element-251801f elementor-widget elementor-widget-heading\" data-id=\"251801f\" data-element_type=\"widget\" data-e-type=\"widget\" data-widget_type=\"heading.default\">\n\t\t\t\t<div class=\"elementor-widget-container\">\n\t\t\t\t\t<h5 class=\"elementor-heading-title elementor-size-default\"><i>koordin\u00e1tor<\/i><\/h5>\t\t\t\t<\/div>\n\t\t\t\t<\/div>\n\t\t\t\t<div class=\"elementor-element elementor-element-99f78d2 elementor-widget elementor-widget-text-editor\" data-id=\"99f78d2\" data-element_type=\"widget\" data-e-type=\"widget\" data-widget_type=\"text-editor.default\">\n\t\t\t\t<div class=\"elementor-widget-container\">\n\t\t\t\t\t\t\t\t\t<p>Egy profi v\u00e1llalkoz\u00e1s m\u0171k\u00f6dtet\u00e9s\u00e9hez n\u00e9lk\u00fcl\u00f6zhetetlen a prec\u00edz h\u00e1tt\u00e9rmunka. Ez a leghat\u00e9konyabban \u00fagy oldahat\u00f3 meg, ha csal\u00e1di v\u00e1llalkoz\u00e1sk\u00e9nt megosztjuk a feladatokat egym\u00e1s k\u00f6z\u00f6tt. Az \u00e9n feladatom a szerz\u0151d\u00e9sek el\u0151k\u00e9sz\u00edt\u00e9se, az \u00f3rarend \u00e9s a bels\u0151 dokumentumok kezel\u00e9se, a beszerz\u00e9sek lebonyol\u00edt\u00e1sa, illetve a technikai k\u00e9rd\u00e9seket \u00e9rint\u0151 kommunik\u00e1ci\u00f3. A Bal\u00e1zzsal t\u00f6rt\u00e9n\u0151 szakmai konzult\u00e1ci\u00f3 ut\u00e1n a gyakorlati k\u00e9rd\u00e9seket velem besz\u00e9led meg.<\/p>\t\t\t\t\t\t\t\t<\/div>\n\t\t\t\t<\/div>\n\t\t\t\t<\/div>\n\t\t<div class=\"elementor-element elementor-element-bee642a e-con-full e-flex e-con e-child\" data-id=\"bee642a\" data-element_type=\"container\" data-e-type=\"container\">\n\t\t\t\t<div class=\"elementor-element elementor-element-95c814b elementor-widget elementor-widget-image\" data-id=\"95c814b\" data-element_type=\"widget\" data-e-type=\"widget\" data-widget_type=\"image.default\">\n\t\t\t\t<div class=\"elementor-widget-container\">\n\t\t\t\t\t\t\t\t\t\t\t\t\t\t\t<img decoding=\"async\" src=\"https:\/\/zongoraiskola.info\/wp-content\/uploads\/2024\/12\/bea_square_3.jpg\" title=\"Juh\u00e1sz-Bib\u00f3k Be\u00e1ta koordin\u00e1tor | Hangr\u00f3zsa Zongoraiskola\" alt=\"Juh\u00e1sz-Bib\u00f3k Be\u00e1ta koordin\u00e1tor | Hangr\u00f3zsa Zongoraiskola\" loading=\"lazy\" \/>\t\t\t\t\t\t\t\t\t\t\t\t\t\t\t<\/div>\n\t\t\t\t<\/div>\n\t\t<div class=\"elementor-element elementor-element-e448219 e-con-full elementor-hidden-desktop elementor-hidden-laptop elementor-hidden-tablet e-flex e-con e-child\" data-id=\"e448219\" data-element_type=\"container\" data-e-type=\"container\" data-settings=\"{&quot;background_background&quot;:&quot;classic&quot;}\">\n\t\t\t\t<div class=\"elementor-element elementor-element-d6ea7f4 elementor-widget elementor-widget-heading\" data-id=\"d6ea7f4\" data-element_type=\"widget\" data-e-type=\"widget\" data-widget_type=\"heading.default\">\n\t\t\t\t<div class=\"elementor-widget-container\">\n\t\t\t\t\t<h2 class=\"elementor-heading-title elementor-size-default\">Juh\u00e1sz-Bib\u00f3k Be\u00e1ta<\/h2>\t\t\t\t<\/div>\n\t\t\t\t<\/div>\n\t\t\t\t<div class=\"elementor-element elementor-element-d38fbe0 elementor-widget elementor-widget-heading\" data-id=\"d38fbe0\" data-element_type=\"widget\" data-e-type=\"widget\" data-widget_type=\"heading.default\">\n\t\t\t\t<div class=\"elementor-widget-container\">\n\t\t\t\t\t<h5 class=\"elementor-heading-title elementor-size-default\"><i>koordin\u00e1tor<\/i><\/h5>\t\t\t\t<\/div>\n\t\t\t\t<\/div>\n\t\t\t\t<div class=\"elementor-element elementor-element-dca275d elementor-widget-laptop__width-initial elementor-widget elementor-widget-text-editor\" data-id=\"dca275d\" data-element_type=\"widget\" data-e-type=\"widget\" data-widget_type=\"text-editor.default\">\n\t\t\t\t<div class=\"elementor-widget-container\">\n\t\t\t\t\t\t\t\t\t<p>Egy profi v\u00e1llalkoz\u00e1s m\u0171k\u00f6dtet\u00e9s\u00e9hez n\u00e9lk\u00fcl\u00f6zhetetlen a prec\u00edz h\u00e1tt\u00e9rmunka. Ez a leghat\u00e9konyabban \u00fagy oldahat\u00f3 meg, ha csal\u00e1di v\u00e1llalkoz\u00e1sk\u00e9nt megosztjuk a feladatokat egym\u00e1s k\u00f6z\u00f6tt. Az \u00e9n feladatom a szerz\u0151d\u00e9sek el\u0151k\u00e9sz\u00edt\u00e9se, az \u00f3rarend \u00e9s a sz\u00e1ml\u00e1k kezel\u00e9se, a beszerz\u00e9sek lebonyol\u00edt\u00e1sa, illetve a technikai k\u00e9rd\u00e9seket \u00e9rint\u0151 kommunki\u00e1ci\u00f3. A Bal\u00e1zzsal t\u00f6rt\u00e9n\u0151 szakmai konzult\u00e1ci\u00f3 ut\u00e1n a gyakorlati k\u00e9rd\u00e9seket velem besz\u00e9led meg.<\/p>\t\t\t\t\t\t\t\t<\/div>\n\t\t\t\t<\/div>\n\t\t\t\t<\/div>\n\t\t\t\t<\/div>\n\t\t\t\t\t<\/div>\n\t\t\t\t<\/div>\n\t\t<div class=\"elementor-element elementor-element-b172c1d elementor-hidden-desktop elementor-hidden-laptop elementor-hidden-tablet elementor-hidden-mobile e-flex e-con-boxed e-con e-parent\" data-id=\"b172c1d\" data-element_type=\"container\" data-e-type=\"container\">\n\t\t\t\t\t<div class=\"e-con-inner\">\n\t\t<div class=\"elementor-element elementor-element-18e5168 e-flex e-con-boxed e-con e-child\" data-id=\"18e5168\" data-element_type=\"container\" data-e-type=\"container\">\n\t\t\t\t\t<div class=\"e-con-inner\">\n\t\t\t\t<div class=\"elementor-element elementor-element-dd8c2ae elementor-widget elementor-widget-testimonial\" data-id=\"dd8c2ae\" data-element_type=\"widget\" data-e-type=\"widget\" data-widget_type=\"testimonial.default\">\n\t\t\t\t<div class=\"elementor-widget-container\">\n\t\t\t\t\t\t\t<div class=\"elementor-testimonial-wrapper\">\n\t\t\t\t\t\t\t<div class=\"elementor-testimonial-content\">Szeretn\u00e9m kiemelni a pontos \u00e9s prec\u00edz h\u00e1tt\u00e9rmunka jelent\u0151s\u00e9g\u00e9t. Bea \u00e1ldozatos munk\u00e1ja n\u00e9lk\u00fcl az iskola nem tudn\u00e1 ezt a magas sz\u00ednvonalat k\u00e9pviselni. A k\u00f6z\u00f6s munka egy gondosan megfogalmazott hallgat\u00f3i szerz\u0151d\u00e9ssel kezd\u0151dik. A keretek m\u00e1r az elej\u00e9n pontosan tiszt\u00e1zva vannak. F\u00e9lre\u00e9rt\u00e9snek es\u00e9lye sincs. Az \u00f3r\u00e1k v\u00e9g\u00e9n Bea nagyon figyelmesen adminisztr\u00e1lja az alkalmakat, m\u00e9g jelenl\u00e9ti \u00edvet is vezet. Az \u00f3r\u00e1k id\u0151pontj\u00e1t olyan t\u0171pontosan vezeti a Google napt\u00e1rban, hogy ha akarn\u00e1m sem tudn\u00e1m elfelejteni az \u00f3r\u00e1imat. Mire haza\u00e9rek az el\u0151z\u0151 \u00f3r\u00e1mr\u00f3l, m\u00e1r 3 h\u00e9tre el\u0151re a k\u00f6vetkez\u0151 alkalom is be van jegyezve a napt\u00e1ramban minden apr\u00f3 r\u00e9szlet\u00e9vel egy\u00fctt. Ha b\u00e1rmivel kapcsolatban e-mailt \u00edrok az iskol\u00e1nak, Bea egy napon bel\u00fcl v\u00e1laszol. Amikor k\u00fclf\u00f6ldr\u0151l vettem r\u00e9szt online az \u00f3r\u00e1kon, Bea m\u00e9g a 6 \u00f3r\u00e1s id\u0151eltol\u00f3d\u00e1st \u00e9s a kaotikus id\u0151beoszt\u00e1somat is figyelembe tudta venni \u00e9s megoldotta, hogy tal\u00e1ljunk k\u00f6z\u00f6s id\u0151pontot.<\/div>\n\t\t\t\n\t\t\t\t\t\t<div class=\"elementor-testimonial-meta elementor-has-image elementor-testimonial-image-position-aside\">\n\t\t\t\t<div class=\"elementor-testimonial-meta-inner\">\n\t\t\t\t\t\t\t\t\t\t\t<div class=\"elementor-testimonial-image\">\n\t\t\t\t\t\t\t<img decoding=\"async\" width=\"160\" height=\"160\" src=\"https:\/\/zongoraiskola.info\/wp-content\/uploads\/2023\/10\/Angela_square_testimonial.jpg\" class=\"attachment-full size-full wp-image-4646\" alt=\"Hangr\u00f3zsa Zongoraiskola | Zongoraoktat\u00e1s feln\u0151tteknek - Ang\u00e9la\" srcset=\"https:\/\/zongoraiskola.info\/wp-content\/uploads\/2023\/10\/Angela_square_testimonial.jpg 160w, https:\/\/zongoraiskola.info\/wp-content\/uploads\/2023\/10\/Angela_square_testimonial-150x150.jpg 150w, https:\/\/zongoraiskola.info\/wp-content\/uploads\/2023\/10\/Angela_square_testimonial-12x12.jpg 12w\" sizes=\"(max-width: 160px) 100vw, 160px\" \/>\t\t\t\t\t\t<\/div>\n\t\t\t\t\t\n\t\t\t\t\t\t\t\t\t\t<div class=\"elementor-testimonial-details\">\n\t\t\t\t\t\t\t\t\t\t\t\t\t\t<div class=\"elementor-testimonial-name\">Ang\u00e9la<\/div>\n\t\t\t\t\t\t\t\t\t\t\t\t\t\t\t\t\t\t\t\t\t\t<div class=\"elementor-testimonial-job\">feln\u0151tt n\u00f6vend\u00e9k<\/div>\n\t\t\t\t\t\t\t\t\t\t\t\t\t<\/div>\n\t\t\t\t\t\t\t\t\t<\/div>\n\t\t\t<\/div>\n\t\t\t\t\t<\/div>\n\t\t\t\t\t\t<\/div>\n\t\t\t\t<\/div>\n\t\t\t\t\t<\/div>\n\t\t\t\t<\/div>\n\t\t\t\t\t<\/div>\n\t\t\t\t<\/div>\n\t\t<div class=\"elementor-element elementor-element-6595eb71 e-flex e-con-boxed e-con e-parent\" data-id=\"6595eb71\" data-element_type=\"container\" data-e-type=\"container\" data-settings=\"{&quot;background_background&quot;:&quot;classic&quot;,&quot;background_motion_fx_motion_fx_scrolling&quot;:&quot;yes&quot;,&quot;background_motion_fx_translateY_effect&quot;:&quot;yes&quot;,&quot;background_motion_fx_translateY_speed&quot;:{&quot;unit&quot;:&quot;px&quot;,&quot;size&quot;:10,&quot;sizes&quot;:[]},&quot;background_motion_fx_translateY_affectedRange&quot;:{&quot;unit&quot;:&quot;%&quot;,&quot;size&quot;:&quot;&quot;,&quot;sizes&quot;:{&quot;start&quot;:0,&quot;end&quot;:100}},&quot;background_motion_fx_devices&quot;:[&quot;desktop&quot;,&quot;laptop&quot;,&quot;tablet&quot;,&quot;mobile&quot;]}\">\n\t\t\t\t\t<div class=\"e-con-inner\">\n\t\t\t\t<div class=\"elementor-element elementor-element-471512c5 elementor-widget elementor-widget-heading\" data-id=\"471512c5\" data-element_type=\"widget\" data-e-type=\"widget\" data-widget_type=\"heading.default\">\n\t\t\t\t<div class=\"elementor-widget-container\">\n\t\t\t\t\t<h2 class=\"elementor-heading-title elementor-size-default\">H\u00edrlev\u00e9l<\/h2>\t\t\t\t<\/div>\n\t\t\t\t<\/div>\n\t\t\t\t<div class=\"elementor-element elementor-element-675dbec9 elementor-widget elementor-widget-text-editor\" data-id=\"675dbec9\" data-element_type=\"widget\" data-e-type=\"widget\" data-widget_type=\"text-editor.default\">\n\t\t\t\t<div class=\"elementor-widget-container\">\n\t\t\t\t\t\t\t\t\t<p>Szeretn\u00e9l rendszeresen \u00e9rtes\u00fclni iskol\u00e1nk \u00e9let\u00e9r\u0151l, filoz\u00f3fi\u00e1j\u00e1r\u00f3l, esem\u00e9nyeir\u0151l \u00e9s oktat\u00f3 jelleg\u0171 bejegyz\u00e9seir\u0151l?<\/p>\t\t\t\t\t\t\t\t<\/div>\n\t\t\t\t<\/div>\n\t\t\t\t<div class=\"elementor-element elementor-element-a245a0e fluent-form-widget-step-header-yes fluent-form-widget-step-progressbar-yes fluentform-widget-submit-button-custom elementor-widget elementor-widget-fluent-form-widget\" data-id=\"a245a0e\" data-element_type=\"widget\" data-e-type=\"widget\" data-widget_type=\"fluent-form-widget.default\">\n\t\t\t\t<div class=\"elementor-widget-container\">\n\t\t\t\t\t<style>.elementor-element-a245a0e{display:none !important}<\/style>\t\t\t\t<\/div>\n\t\t\t\t<\/div>\n\t\t\t\t<div class=\"elementor-element elementor-element-3f3beb4a fluent-form-widget-step-header-yes fluent-form-widget-step-progressbar-yes fluentform-widget-submit-button-custom elementor-widget elementor-widget-fluent-form-widget\" data-id=\"3f3beb4a\" data-element_type=\"widget\" data-e-type=\"widget\" data-widget_type=\"fluent-form-widget.default\">\n\t\t\t\t<div class=\"elementor-widget-container\">\n\t\t\t\t\t\n            <div class=\"fluentform-widget-wrapper fluentform-widget-align-default\">\n\n            \n            <div class='fluentform ff-default fluentform_wrapper_8 ffs_default_wrap'><form data-form_id=\"8\" id=\"fluentform_8\" class=\"frm-fluent-form fluent_form_8 ff-el-form-top ff_form_instance_8_2 ff-form-loading ffs_default\" data-form_instance=\"ff_form_instance_8_2\" method=\"POST\" ><fieldset  style=\"border: none!important;margin: 0!important;padding: 0!important;background-color: transparent!important;box-shadow: none!important;outline: none!important; min-inline-size: 100%;\">\n                    <legend class=\"ff_screen_reader_title\" style=\"display: block; margin: 0!important;padding: 0!important;height: 0!important;text-indent: -999999px;width: 0!important;overflow:hidden;\">Newsletter<\/legend>        <div\n                style=\"display: none!important; position: absolute!important; transform: translateX(1000%)!important;\"\n                class=\"ff-el-group ff-hpsf-container\"\n        >\n            <div class=\"ff-el-input--label asterisk-right\">\n                <label for=\"ff_8_item_sf\" aria-label=\"Updates\">\n                    Updates                <\/label>\n            <\/div>\n            <div class=\"ff-el-input--content\">\n                <input type=\"text\"\n                       name=\"item_8__fluent_sf\"\n                       class=\"ff-el-form-control\"\n                       id=\"ff_8_item_sf\"\n                \/>\n            <\/div>\n        <\/div>\n        <input type='hidden' name='__fluent_form_embded_post_id' value='28' \/><input type=\"hidden\" id=\"_fluentform_8_fluentformnonce\" name=\"_fluentform_8_fluentformnonce\" value=\"81e9be3c7f\" \/><input type=\"hidden\" name=\"_wp_http_referer\" value=\"\/en\/wp-json\/wp\/v2\/pages\/28\" \/><div class='ff-el-group'><div class=\"ff-el-input--label ff-el-is-required asterisk-right\"><label for='ff_8_2_input_text' id='label_ff_8_2_input_text' aria-label=\"Hogyan sz\u00f3l\u00edthatunk?\">Hogyan sz\u00f3l\u00edthatunk?<\/label><\/div><div class='ff-el-input--content'><input type=\"text\" name=\"input_text\" class=\"ff-el-form-control\" placeholder=\"pl. Kov\u00e1cs Aranka\" data-name=\"input_text\" id=\"ff_8_2_input_text\"  aria-invalid=\"false\" aria-required=true><\/div><\/div><div class='ff-el-group'><div class=\"ff-el-input--label ff-el-is-required asterisk-right\"><label for='ff_8_2_email' id='label_ff_8_2_email' aria-label=\"Milyen email c\u00edmre k\u00fcldhetj\u00fck az \u00e9rtes\u00edt\u00e9seket?\">Milyen email c\u00edmre k\u00fcldhetj\u00fck az \u00e9rtes\u00edt\u00e9seket?<\/label><\/div><div class='ff-el-input--content'><input type=\"email\" name=\"email\" id=\"ff_8_2_email\" class=\"ff-el-form-control\" placeholder=\"pl. kovacs.aranka@gmail.com\" data-name=\"email\"  aria-invalid=\"false\" aria-required=true><\/div><\/div><div class='ff-el-group  ff-custom_html' tabindex='-1' data-name=\"custom_html-8_1\" ><p><a href=\"https:\/\/zongoraiskola.info\/adatkezelesi-tajekoztato\/\" target=\"_blank\" rel=\"noopener\">Adatkezel\u00e9si T\u00e1j\u00e9koztat\u00f3<\/a><\/p><\/div><div class='ff-el-group'><div class=\"ff-el-input--label ff-el-is-required asterisk-right\"><label   aria-label=\"Megismerted \u00e9s elfogadod az Adatkezel\u00e9si T\u00e1j\u00e9koztat\u00f3t?\">Megismerted \u00e9s elfogadod az Adatkezel\u00e9si T\u00e1j\u00e9koztat\u00f3t?<\/label><\/div><div class='ff-el-input--content'><div class='ff-el-form-check ff-el-form-check-'><label class='ff-el-form-check-label' for='checkbox_f492a3a55bfd2342d00cf1a48b1842c2'><input  type=\"checkbox\" name=\"checkbox[]\" data-name=\"checkbox\" class=\"ff-el-form-check-input ff-el-form-check-checkbox\" value=\"Igen, elolvastam \u00e9s elfogadom.\"  id='checkbox_f492a3a55bfd2342d00cf1a48b1842c2' aria-label='Igen, elolvastam \u00e9s elfogadom.' aria-invalid='false' aria-required=true> <span>Igen, elolvastam \u00e9s elfogadom.<\/span><\/label><\/div><\/div><\/div><div class='ff-el-group ff-text-center ff_submit_btn_wrapper'><button type=\"submit\" class=\"ff-btn ff-btn-submit ff-btn-lg ff_btn_style wpf_has_custom_css\"  aria-label=\"Feliratkozom\">Feliratkozom<\/button><\/div><\/fieldset><\/form><div id='fluentform_8_errors' class='ff-errors-in-stack ff_form_instance_8_2 ff-form-loading_errors ff_form_instance_8_2_errors'><\/div><\/div>            <script type=\"text\/javascript\">\n                window.fluent_form_ff_form_instance_8_2 = {\"id\":\"8\",\"settings\":{\"layout\":{\"labelPlacement\":\"top\",\"helpMessagePlacement\":\"with_label\",\"errorMessagePlacement\":\"inline\"},\"restrictions\":{\"denyEmptySubmission\":{\"enabled\":false}}},\"form_instance\":\"ff_form_instance_8_2\",\"form_id_selector\":\"fluentform_8\",\"rules\":{\"input_text\":{\"required\":{\"value\":true,\"message\":\"This field is required\"}},\"email\":{\"required\":{\"value\":true,\"message\":\"This field is required\"},\"email\":{\"value\":true,\"message\":\"K\\u00e9rj\\u00fck, val\\u00f3s email c\\u00edmet adj meg\"}},\"checkbox\":{\"required\":{\"value\":true,\"message\":\"This field is required\"}}},\"debounce_time\":300};\n                            <\/script>\n                        <\/div>\n\n            \t\t\t\t<\/div>\n\t\t\t\t<\/div>\n\t\t\t\t\t<\/div>\n\t\t\t\t<\/div>\n\t\t\t\t<\/div>\n\t\t","protected":false},"excerpt":{"rendered":"<p>Bemutatkozunk Iskol\u00e1nkr\u00f3l Iskol\u00e1nk abb\u00f3l a c\u00e9lb\u00f3l nyitotta meg kapuit 2014 \u0151sz\u00e9n, hogy a mag\u00e1noktat\u00e1s ter\u00e9n az el\u00e9rhet\u0151 legmagasabb sz\u00ednvonalat ny\u00fajthassa. Hissz\u00fck, hogy a magyar zeneoktat\u00e1s minden szinten meg\u00e9rdemli azt a j\u00e1t\u00e9k\u00e9lm\u00e9nyt \u00e9s p\u00e1ratlan hangz\u00e1st, amit csak a Steinway &amp; Sons zongoragy\u00e1r term\u00e9kei tudnak ny\u00fajtani. Hisz\u00fcnk a kreat\u00edv \u00f6tletekben, ez\u00e9rt nem ragaszkodunk egyetlen hivatalos tananyaghoz, hanem [&hellip;]<\/p>\n","protected":false},"author":1,"featured_media":0,"parent":0,"menu_order":0,"comment_status":"closed","ping_status":"closed","template":"","meta":{"_seopress_robots_primary_cat":"","_seopress_titles_title":"R\u00f3lunk | Hangr\u00f3zsa Zongoraiskola","_seopress_titles_desc":"Bemutatkoznak a Hangr\u00f3zsa Zongoraiskola alap\u00edt\u00f3i, akik kilenc \u00e9ve f\u00e1radhatatlanul dolgoznak az iskola j\u00f6v\u0151j\u00e9n","_seopress_robots_index":"","footnotes":""},"class_list":["post-28","page","type-page","status-publish","hentry"],"_links":{"self":[{"href":"https:\/\/zongoraiskola.info\/en\/wp-json\/wp\/v2\/pages\/28","targetHints":{"allow":["GET"]}}],"collection":[{"href":"https:\/\/zongoraiskola.info\/en\/wp-json\/wp\/v2\/pages"}],"about":[{"href":"https:\/\/zongoraiskola.info\/en\/wp-json\/wp\/v2\/types\/page"}],"author":[{"embeddable":true,"href":"https:\/\/zongoraiskola.info\/en\/wp-json\/wp\/v2\/users\/1"}],"replies":[{"embeddable":true,"href":"https:\/\/zongoraiskola.info\/en\/wp-json\/wp\/v2\/comments?post=28"}],"version-history":[{"count":0,"href":"https:\/\/zongoraiskola.info\/en\/wp-json\/wp\/v2\/pages\/28\/revisions"}],"wp:attachment":[{"href":"https:\/\/zongoraiskola.info\/en\/wp-json\/wp\/v2\/media?parent=28"}],"curies":[{"name":"wp","href":"https:\/\/api.w.org\/{rel}","templated":true}]}}