{"id":4962,"date":"2023-11-18T14:11:31","date_gmt":"2023-11-18T13:11:31","guid":{"rendered":"https:\/\/zongoraiskola.info\/?page_id=4962"},"modified":"2023-11-18T15:49:49","modified_gmt":"2023-11-18T14:49:49","slug":"cookie-policy","status":"publish","type":"page","link":"https:\/\/zongoraiskola.info\/en\/cookie-tajekoztato\/","title":{"rendered":"Cookie Policy"},"content":{"rendered":"<div data-elementor-type=\"wp-page\" data-elementor-id=\"4962\" class=\"elementor elementor-4962\" data-elementor-post-type=\"page\">\n\t\t\t\t<div class=\"elementor-element elementor-element-7dd8958 e-flex e-con-boxed e-con e-parent\" data-id=\"7dd8958\" data-element_type=\"container\" data-e-type=\"container\">\n\t\t\t\t\t<div class=\"e-con-inner\">\n\t\t\t\t<div class=\"elementor-element elementor-element-70ebd24 elementor-widget elementor-widget-heading\" data-id=\"70ebd24\" data-element_type=\"widget\" data-e-type=\"widget\" data-widget_type=\"heading.default\">\n\t\t\t\t<div class=\"elementor-widget-container\">\n\t\t\t\t\t<h1 class=\"elementor-heading-title elementor-size-default\">Cookie Policy<\/h1>\t\t\t\t<\/div>\n\t\t\t\t<\/div>\n\t\t\t\t<div class=\"elementor-element elementor-element-279d319 elementor-widget elementor-widget-heading\" data-id=\"279d319\" data-element_type=\"widget\" data-e-type=\"widget\" data-widget_type=\"heading.default\">\n\t\t\t\t<div class=\"elementor-widget-container\">\n\t\t\t\t\t<h2 class=\"elementor-heading-title elementor-size-default\">What are cookies and how do we manage them?<\/h2>\t\t\t\t<\/div>\n\t\t\t\t<\/div>\n\t\t\t\t<div class=\"elementor-element elementor-element-c8f37fc elementor-widget elementor-widget-text-editor\" data-id=\"c8f37fc\" data-element_type=\"widget\" data-e-type=\"widget\" data-widget_type=\"text-editor.default\">\n\t\t\t\t<div class=\"elementor-widget-container\">\n\t\t\t\t\t\t\t\t\t<p>Cookies are small data files that are transferred to your computer through the use of the website, saved and stored by your Internet browser. The majority of the most commonly used internet browsers (Chrome, Firefox, etc.) accept and enable the download and use of cookies by default, but it is up to you to refuse or disable them by changing your browser settings, as well as deleting the cookies already stored on your computer. The \"help\" menu item of each browser provides more information on the use of cookies.<br \/>There are cookies that do not require your prior consent. Our website provides brief information about these at the start of your first visit, such as authentication, multimedia player, load balancer, session cookies that help customize the user interface, and user-centric security cookies.<br \/>Our school will inform you about cookies that require consent - if the data management already starts when you visit the site - at the start of the first visit and ask for your consent.<br \/>Our school does not use or allow cookies that allow third parties to collect data without your consent.<br \/>Acceptance of cookies is not mandatory, but our school does not assume responsibility if our website does not function as expected if cookies are not allowed.<\/p>\t\t\t\t\t\t\t\t<\/div>\n\t\t\t\t<\/div>\n\t\t\t\t<div class=\"elementor-element elementor-element-b2e31ab elementor-widget elementor-widget-heading\" data-id=\"b2e31ab\" data-element_type=\"widget\" data-e-type=\"widget\" data-widget_type=\"heading.default\">\n\t\t\t\t<div class=\"elementor-widget-container\">\n\t\t\t\t\t<h2 class=\"elementor-heading-title elementor-size-default\">What cookies do we use?<\/h2>\t\t\t\t<\/div>\n\t\t\t\t<\/div>\n\t\t\t\t<div class=\"elementor-element elementor-element-03ea04f elementor-widget elementor-widget-text-editor\" data-id=\"03ea04f\" data-element_type=\"widget\" data-e-type=\"widget\" data-widget_type=\"text-editor.default\">\n\t\t\t\t<div class=\"elementor-widget-container\">\n\t\t\t\t\t\t\t\t\t<table>\n<tbody>\n<tr>\n<td><strong>Name<\/strong><\/td>\n<td><strong>Provider<\/strong><\/td>\n<td><strong>Goal<\/strong><\/td>\n<td><strong>Expiration<\/strong><\/td>\n<td><strong>Type<\/strong><\/td>\n<\/tr>\n<tr>\n<td>_ga<\/td>\n<td>google.com<\/td>\n<td>Registers the unique identifier that generates statistical data on how the visitor uses the website.<\/td>\n<td>2 years<\/td>\n<td>HTTP<\/td>\n<\/tr>\n<tr>\n<td>_gat<\/td>\n<td>google.com<\/td>\n<td>It stores the rate according to the throttle request used by Google Analytics.<\/td>\n<td>Session<\/td>\n<td>HTTP<\/td>\n<\/tr>\n<tr>\n<td>_gid<\/td>\n<td>google.com<\/td>\n<td>Registers the unique identifier that generates statistical data on how the visitor uses the website.<\/td>\n<td>Session<\/td>\n<td>HTTP<\/td>\n<\/tr>\n<tr>\n<td>collect<\/td>\n<td>google-analytics.com<\/td>\n<td>Used to send data to Google Analytics about the visitor's device and behavior. Tracks visitors across devices and marketing channels.<\/td>\n<td>Session<\/td>\n<td>Pixel<\/td>\n<\/tr>\n<tr>\n<td>_fbp<\/td>\n<td>facebook.com<\/td>\n<td>Used by Facebook to provide advertising products for a third party (e.g. real-time ads)<\/td>\n<td>3 months<\/td>\n<td>HTTP<\/td>\n<\/tr>\n<tr>\n<td>fr<\/td>\n<td>facebook.com<\/td>\n<td>Facebook's primary advertising cookie, which can be used to display and measure ads and improve their relevance.<\/td>\n<td>3 months<\/td>\n<td>HTTP<\/td>\n<\/tr>\n<\/tbody>\n<\/table>\t\t\t\t\t\t\t\t<\/div>\n\t\t\t\t<\/div>\n\t\t\t\t<div class=\"elementor-element elementor-element-ead58ab elementor-widget elementor-widget-heading\" data-id=\"ead58ab\" data-element_type=\"widget\" data-e-type=\"widget\" data-widget_type=\"heading.default\">\n\t\t\t\t<div class=\"elementor-widget-container\">\n\t\t\t\t\t<h2 class=\"elementor-heading-title elementor-size-default\">More information about third party cookies<\/h2>\t\t\t\t<\/div>\n\t\t\t\t<\/div>\n\t\t\t\t<div class=\"elementor-element elementor-element-7d8a632 elementor-widget elementor-widget-text-editor\" data-id=\"7d8a632\" data-element_type=\"widget\" data-e-type=\"widget\" data-widget_type=\"text-editor.default\">\n\t\t\t\t<div class=\"elementor-widget-container\">\n\t\t\t\t\t\t\t\t\t<p><a href=\"https:\/\/www.google.com\/policies\/technologies\/types\/\" target=\"_blank\" rel=\"nofollow noopener\">https:\/\/www.google.com\/policies\/technologies\/types\/<\/a><\/p><p><a href=\"https:\/\/www.facebook.com\/policies\/cookies\/\" target=\"_blank\" rel=\"nofollow noopener\">https:\/\/www.facebook.com\/policies\/cookies\/<\/a><\/p><p><a href=\"https:\/\/www.facebook.com\/about\/privacy\/update\" target=\"_blank\" rel=\"nofollow noopener\">https:\/\/www.facebook.com\/about\/privacy\/update<\/a><\/p><p><a href=\"https:\/\/www.google.com\/analytics\/learn\/privacy.html\" target=\"_blank\" rel=\"nofollow noopener\">https:\/\/www.google.com\/analytics\/learn\/privacy.html<\/a><\/p>\t\t\t\t\t\t\t\t<\/div>\n\t\t\t\t<\/div>\n\t\t\t\t<div class=\"elementor-element elementor-element-d0ce662 elementor-widget elementor-widget-text-editor\" data-id=\"d0ce662\" data-element_type=\"widget\" data-e-type=\"widget\" data-widget_type=\"text-editor.default\">\n\t\t\t\t<div class=\"elementor-widget-container\">\n\t\t\t\t\t\t\t\t\t<p>Budapest, 1st September 2023.<\/p>\t\t\t\t\t\t\t\t<\/div>\n\t\t\t\t<\/div>\n\t\t\t\t\t<\/div>\n\t\t\t\t<\/div>\n\t\t\t\t<\/div>","protected":false},"excerpt":{"rendered":"<p>Cookie t\u00e1j\u00e9koztat\u00f3 Mik azok a s\u00fctik, \u00e9s hogyan kezelj\u00fck \u0151ket? A s\u00fctik (cookie-k) olyan kism\u00e9ret\u0171 adatf\u00e1jlok (tov\u00e1bbiakban: s\u00fctik), amelyek a weboldalon kereszt\u00fcl a weboldal haszn\u00e1lat\u00e1val ker\u00fclnek az \u00d6n sz\u00e1m\u00edt\u00f3g\u00e9p\u00e9re \u00fagy, hogy azokat az \u00d6n internetes b\u00f6ng\u00e9sz\u0151je menti le \u00e9s t\u00e1rolja el. A leggyakrabban haszn\u00e1lt internetes b\u00f6ng\u00e9sz\u0151k (Chrome, Firefox, stb.) t\u00f6bbs\u00e9ge alapbe\u00e1ll\u00edt\u00e1sk\u00e9nt elfogadja \u00e9s enged\u00e9lyezi a [&hellip;]<\/p>\n","protected":false},"author":1,"featured_media":0,"parent":0,"menu_order":0,"comment_status":"closed","ping_status":"closed","template":"elementor_canvas","meta":{"_seopress_robots_primary_cat":"","_seopress_titles_title":"","_seopress_titles_desc":"","_seopress_robots_index":"yes","footnotes":""},"class_list":["post-4962","page","type-page","status-publish","hentry"],"_links":{"self":[{"href":"https:\/\/zongoraiskola.info\/en\/wp-json\/wp\/v2\/pages\/4962","targetHints":{"allow":["GET"]}}],"collection":[{"href":"https:\/\/zongoraiskola.info\/en\/wp-json\/wp\/v2\/pages"}],"about":[{"href":"https:\/\/zongoraiskola.info\/en\/wp-json\/wp\/v2\/types\/page"}],"author":[{"embeddable":true,"href":"https:\/\/zongoraiskola.info\/en\/wp-json\/wp\/v2\/users\/1"}],"replies":[{"embeddable":true,"href":"https:\/\/zongoraiskola.info\/en\/wp-json\/wp\/v2\/comments?post=4962"}],"version-history":[{"count":0,"href":"https:\/\/zongoraiskola.info\/en\/wp-json\/wp\/v2\/pages\/4962\/revisions"}],"wp:attachment":[{"href":"https:\/\/zongoraiskola.info\/en\/wp-json\/wp\/v2\/media?parent=4962"}],"curies":[{"name":"wp","href":"https:\/\/api.w.org\/{rel}","templated":true}]}}